{"id":97849,"date":"2025-01-26T21:07:53","date_gmt":"2025-01-26T21:07:53","guid":{"rendered":"https:\/\/safety.cu\/conviertete-en-revendedor\/"},"modified":"2025-03-13T07:19:35","modified_gmt":"2025-03-13T07:19:35","slug":"conviertete-en-revendedor","status":"publish","type":"page","link":"https:\/\/safety.cu\/es\/conviertete-en-revendedor\/","title":{"rendered":"Convi\u00e9rtete en revendedor"},"content":{"rendered":"\t\t<div data-elementor-type=\"wp-page\" data-elementor-id=\"97849\" class=\"elementor elementor-97849 elementor-97209\" data-elementor-post-type=\"page\">\n\t\t\t\t<div class=\"elementor-element elementor-element-d1eaf02 e-grid e-con-boxed e-con e-parent\" data-id=\"d1eaf02\" data-element_type=\"container\" data-e-type=\"container\">\n\t\t\t\t\t<div class=\"e-con-inner\">\n\t\t\t\t<div class=\"elementor-element elementor-element-6034951 elementor-widget elementor-widget-text-editor\" data-id=\"6034951\" data-element_type=\"widget\" data-e-type=\"widget\" data-widget_type=\"text-editor.default\">\n\t\t\t\t<div class=\"elementor-widget-container\">\n\t\t\t\t\t\t\t\t\t<h3>Convi\u00e9rtase en distribuidor de soluciones de seguridad<\/h3>\n<p>As\u00f3ciese con Safety Solutions y haga crecer su negocio ofreciendo productos de seguridad de primera calidad en los que conf\u00edan profesionales de todo el mundo. Como revendedor, disfrutar\u00e1 de acceso exclusivo a nuestros productos duraderos, funcionales y elegantes dise\u00f1ados para satisfacer las demandas m\u00e1s dif\u00edciles del lugar de trabajo. <\/p>\n<p>Benef\u00edciese de nuestro gran inventario, precios competitivos, soporte confiable y env\u00edo global r\u00e1pido para mantener a sus clientes satisfechos. Ya sea que preste servicios en los sectores de construcci\u00f3n, fabricaci\u00f3n o industrial, Safety Solutions le ayuda a destacarse en el mercado.<\/p>\n<p>\u00danase hoy a nuestra red de distribuidores y ofrezca productos de seguridad que brinden comodidad, seguridad y rendimiento. \u00a1<a href=\"https:\/\/safety.cu\/contact\/\" target=\"_blank\" rel=\"noopener\">Cont\u00e1ctenos <\/a>para obtener m\u00e1s informaci\u00f3n sobre esta interesante oportunidad!<\/p>\n<p>Soluciones de seguridad para equipos<\/p>\n\t\t\t\t\t\t\t\t<\/div>\n\t\t\t\t<\/div>\n\t\t\t\t<div class=\"elementor-element elementor-element-0ba36ed elementor-widget elementor-widget-image\" data-id=\"0ba36ed\" data-element_type=\"widget\" data-e-type=\"widget\" data-widget_type=\"image.default\">\n\t\t\t\t<div class=\"elementor-widget-container\">\n\t\t\t\t\t\t\t\t\t\t\t\t\t\t\t<img decoding=\"async\" src=\"https:\/\/safety.cu\/wp-content\/uploads\/elementor\/thumbs\/Safety-Solutions-r2ndphhc56t91qejnt2d3nv4sfmu0f0oforw93e2v6.png\" title=\"Safety Solutions\" alt=\"Safety Solutions\" loading=\"lazy\" \/>\t\t\t\t\t\t\t\t\t\t\t\t\t\t\t<\/div>\n\t\t\t\t<\/div>\n\t\t\t\t\t<\/div>\n\t\t\t\t<\/div>\n\t\t<div class=\"elementor-element elementor-element-f42b81c e-flex e-con-boxed e-con e-parent\" data-id=\"f42b81c\" data-element_type=\"container\" data-e-type=\"container\" data-settings=\"{&quot;background_background&quot;:&quot;classic&quot;,&quot;shape_divider_top&quot;:&quot;tilt&quot;,&quot;shape_divider_bottom&quot;:&quot;tilt&quot;}\">\n\t\t\t\t\t<div class=\"e-con-inner\">\n\t\t\t\t<div class=\"elementor-shape elementor-shape-top\" aria-hidden=\"true\" data-negative=\"false\">\n\t\t\t<svg xmlns=\"http:\/\/www.w3.org\/2000\/svg\" viewBox=\"0 0 1000 100\" preserveAspectRatio=\"none\">\n\t<path class=\"elementor-shape-fill\" d=\"M0,6V0h1000v100L0,6z\"\/>\n<\/svg>\t\t<\/div>\n\t\t\t\t<div class=\"elementor-shape elementor-shape-bottom\" aria-hidden=\"true\" data-negative=\"false\">\n\t\t\t<svg xmlns=\"http:\/\/www.w3.org\/2000\/svg\" viewBox=\"0 0 1000 100\" preserveAspectRatio=\"none\">\n\t<path class=\"elementor-shape-fill\" d=\"M0,6V0h1000v100L0,6z\"\/>\n<\/svg>\t\t<\/div>\n\t\t<div class=\"elementor-element elementor-element-3c158a9 e-con-full e-flex e-con e-child\" data-id=\"3c158a9\" data-element_type=\"container\" data-e-type=\"container\">\n\t\t<div class=\"elementor-element elementor-element-c297788 e-con-full e-flex e-con e-child\" data-id=\"c297788\" data-element_type=\"container\" data-e-type=\"container\">\n\t\t\t\t<div class=\"elementor-element elementor-element-ddca288 number-gradient-yes elementor-widget elementor-widget-counter\" data-id=\"ddca288\" data-element_type=\"widget\" data-e-type=\"widget\" data-widget_type=\"counter.default\">\n\t\t\t\t<div class=\"elementor-widget-container\">\n\t\t\t\t\t\t\t<div class=\"elementor-counter\">\n\t\t\t<div class=\"elementor-counter-title\">FUNDADO<\/div>\t\t\t<div class=\"elementor-counter-number-wrapper\">\n\t\t\t\t<span class=\"elementor-counter-number-prefix\">1<\/span>\n\t\t\t\t<span class=\"elementor-counter-number\" data-duration=\"2000\" data-to-value=\"979\" data-from-value=\"1\" data-delimiter=\",\">1<\/span>\n\t\t\t\t<span class=\"elementor-counter-number-suffix\"><\/span>\n\t\t\t<\/div>\n\t\t<\/div>\n\t\t\t\t\t\t<\/div>\n\t\t\t\t<\/div>\n\t\t\t\t<\/div>\n\t\t<div class=\"elementor-element elementor-element-e7c77ae e-con-full e-flex e-con e-child\" data-id=\"e7c77ae\" data-element_type=\"container\" data-e-type=\"container\">\n\t\t\t\t<div class=\"elementor-element elementor-element-b2b0ac6 number-gradient-yes elementor-widget elementor-widget-counter\" data-id=\"b2b0ac6\" data-element_type=\"widget\" data-e-type=\"widget\" data-widget_type=\"counter.default\">\n\t\t\t\t<div class=\"elementor-widget-container\">\n\t\t\t\t\t\t\t<div class=\"elementor-counter\">\n\t\t\t<div class=\"elementor-counter-title\">EN EL NEGOCIO<\/div>\t\t\t<div class=\"elementor-counter-number-wrapper\">\n\t\t\t\t<span class=\"elementor-counter-number-prefix\"><\/span>\n\t\t\t\t<span class=\"elementor-counter-number\" data-duration=\"2000\" data-to-value=\"46\" data-from-value=\"0\" data-delimiter=\",\">0<\/span>\n\t\t\t\t<span class=\"elementor-counter-number-suffix\">+<\/span>\n\t\t\t<\/div>\n\t\t<\/div>\n\t\t\t\t\t\t<\/div>\n\t\t\t\t<\/div>\n\t\t\t\t<\/div>\n\t\t<div class=\"elementor-element elementor-element-89b7fa0 e-con-full e-flex e-con e-child\" data-id=\"89b7fa0\" data-element_type=\"container\" data-e-type=\"container\">\n\t\t\t\t<div class=\"elementor-element elementor-element-28dd6be number-gradient-yes elementor-widget elementor-widget-counter\" data-id=\"28dd6be\" data-element_type=\"widget\" data-e-type=\"widget\" data-widget_type=\"counter.default\">\n\t\t\t\t<div class=\"elementor-widget-container\">\n\t\t\t\t\t\t\t<div class=\"elementor-counter\">\n\t\t\t<div class=\"elementor-counter-title\">DIFERENTES PRODUCTOS<\/div>\t\t\t<div class=\"elementor-counter-number-wrapper\">\n\t\t\t\t<span class=\"elementor-counter-number-prefix\">1<\/span>\n\t\t\t\t<span class=\"elementor-counter-number\" data-duration=\"2000\" data-to-value=\"500\" data-from-value=\"1\" data-delimiter=\",\">1<\/span>\n\t\t\t\t<span class=\"elementor-counter-number-suffix\">+<\/span>\n\t\t\t<\/div>\n\t\t<\/div>\n\t\t\t\t\t\t<\/div>\n\t\t\t\t<\/div>\n\t\t\t\t<\/div>\n\t\t<div class=\"elementor-element elementor-element-97a1ff6 e-con-full e-flex e-con e-child\" data-id=\"97a1ff6\" data-element_type=\"container\" data-e-type=\"container\">\n\t\t\t\t<div class=\"elementor-element elementor-element-66c0c6a number-gradient-yes elementor-widget elementor-widget-counter\" data-id=\"66c0c6a\" data-element_type=\"widget\" data-e-type=\"widget\" data-widget_type=\"counter.default\">\n\t\t\t\t<div class=\"elementor-widget-container\">\n\t\t\t\t\t\t\t<div class=\"elementor-counter\">\n\t\t\t<div class=\"elementor-counter-title\">ALMACENES M2<\/div>\t\t\t<div class=\"elementor-counter-number-wrapper\">\n\t\t\t\t<span class=\"elementor-counter-number-prefix\"><\/span>\n\t\t\t\t<span class=\"elementor-counter-number\" data-duration=\"2000\" data-to-value=\"50\" data-from-value=\"0\" data-delimiter=\",\">0<\/span>\n\t\t\t\t<span class=\"elementor-counter-number-suffix\">K<\/span>\n\t\t\t<\/div>\n\t\t<\/div>\n\t\t\t\t\t\t<\/div>\n\t\t\t\t<\/div>\n\t\t\t\t<\/div>\n\t\t\t\t<\/div>\n\t\t\t\t\t<\/div>\n\t\t\t\t<\/div>\n\t\t\t\t<\/div>\n\t\t","protected":false},"excerpt":{"rendered":"<p>Convi\u00e9rtase en distribuidor de soluciones de seguridad As\u00f3ciese con Safety Solutions y haga crecer su negocio ofreciendo productos de seguridad de primera calidad en los que conf\u00edan profesionales de todo el mundo. Como revendedor, disfrutar\u00e1 de acceso exclusivo a nuestros productos duraderos, funcionales y elegantes dise\u00f1ados para satisfacer las demandas m\u00e1s dif\u00edciles del lugar de [&hellip;]<\/p>\n","protected":false},"author":2,"featured_media":0,"parent":0,"menu_order":0,"comment_status":"closed","ping_status":"closed","template":"template-homepage.php","meta":{"footnotes":""},"class_list":["post-97849","page","type-page","status-publish","hentry"],"yoast_head":"<!-- This site is optimized with the Yoast SEO plugin v27.4 - https:\/\/yoast.com\/product\/yoast-seo-wordpress\/ -->\n<title>Convi\u00e9rtete en revendedor - Safety Workwear Specialist<\/title>\n<meta name=\"robots\" content=\"index, follow, max-snippet:-1, max-image-preview:large, max-video-preview:-1\" \/>\n<link rel=\"canonical\" href=\"https:\/\/safety.cu\/es\/conviertete-en-revendedor\/\" \/>\n<meta property=\"og:locale\" content=\"es_ES\" \/>\n<meta property=\"og:type\" content=\"article\" \/>\n<meta property=\"og:title\" content=\"Convi\u00e9rtete en revendedor - Safety Workwear Specialist\" \/>\n<meta property=\"og:description\" content=\"Convi\u00e9rtase en distribuidor de soluciones de seguridad As\u00f3ciese con Safety Solutions y haga crecer su negocio ofreciendo productos de seguridad de primera calidad en los que conf\u00edan profesionales de todo el mundo. Como revendedor, disfrutar\u00e1 de acceso exclusivo a nuestros productos duraderos, funcionales y elegantes dise\u00f1ados para satisfacer las demandas m\u00e1s dif\u00edciles del lugar de [&hellip;]\" \/>\n<meta property=\"og:url\" content=\"https:\/\/safety.cu\/es\/conviertete-en-revendedor\/\" \/>\n<meta property=\"og:site_name\" content=\"Safety Workwear Specialist\" \/>\n<meta property=\"article:modified_time\" content=\"2025-03-13T07:19:35+00:00\" \/>\n<meta property=\"og:image\" content=\"https:\/\/safety.cu\/wp-content\/uploads\/elementor\/thumbs\/Safety-Solutions-r2ndphhc56t91qejnt2d3nv4sfmu0f0oforw93e2v6.png\" \/>\n<meta name=\"twitter:card\" content=\"summary_large_image\" \/>\n<meta name=\"twitter:label1\" content=\"Tiempo de lectura\" \/>\n\t<meta name=\"twitter:data1\" content=\"1 minuto\" \/>\n<script type=\"application\/ld+json\" class=\"yoast-schema-graph\">{\"@context\":\"https:\\\/\\\/schema.org\",\"@graph\":[{\"@type\":\"WebPage\",\"@id\":\"https:\\\/\\\/safety.cu\\\/es\\\/conviertete-en-revendedor\\\/\",\"url\":\"https:\\\/\\\/safety.cu\\\/es\\\/conviertete-en-revendedor\\\/\",\"name\":\"Convi\u00e9rtete en revendedor - Safety Workwear Specialist\",\"isPartOf\":{\"@id\":\"https:\\\/\\\/safety.cu\\\/#website\"},\"primaryImageOfPage\":{\"@id\":\"https:\\\/\\\/safety.cu\\\/es\\\/conviertete-en-revendedor\\\/#primaryimage\"},\"image\":{\"@id\":\"https:\\\/\\\/safety.cu\\\/es\\\/conviertete-en-revendedor\\\/#primaryimage\"},\"thumbnailUrl\":\"https:\\\/\\\/safety.cu\\\/wp-content\\\/uploads\\\/elementor\\\/thumbs\\\/Safety-Solutions-r2ndphhc56t91qejnt2d3nv4sfmu0f0oforw93e2v6.png\",\"datePublished\":\"2025-01-26T21:07:53+00:00\",\"dateModified\":\"2025-03-13T07:19:35+00:00\",\"breadcrumb\":{\"@id\":\"https:\\\/\\\/safety.cu\\\/es\\\/conviertete-en-revendedor\\\/#breadcrumb\"},\"inLanguage\":\"es\",\"potentialAction\":[{\"@type\":\"ReadAction\",\"target\":[\"https:\\\/\\\/safety.cu\\\/es\\\/conviertete-en-revendedor\\\/\"]}]},{\"@type\":\"ImageObject\",\"inLanguage\":\"es\",\"@id\":\"https:\\\/\\\/safety.cu\\\/es\\\/conviertete-en-revendedor\\\/#primaryimage\",\"url\":\"https:\\\/\\\/safety.cu\\\/wp-content\\\/uploads\\\/elementor\\\/thumbs\\\/Safety-Solutions-r2ndphhc56t91qejnt2d3nv4sfmu0f0oforw93e2v6.png\",\"contentUrl\":\"https:\\\/\\\/safety.cu\\\/wp-content\\\/uploads\\\/elementor\\\/thumbs\\\/Safety-Solutions-r2ndphhc56t91qejnt2d3nv4sfmu0f0oforw93e2v6.png\"},{\"@type\":\"BreadcrumbList\",\"@id\":\"https:\\\/\\\/safety.cu\\\/es\\\/conviertete-en-revendedor\\\/#breadcrumb\",\"itemListElement\":[{\"@type\":\"ListItem\",\"position\":1,\"name\":\"Home\",\"item\":\"https:\\\/\\\/safety.cu\\\/es\\\/\"},{\"@type\":\"ListItem\",\"position\":2,\"name\":\"Convi\u00e9rtete en revendedor\"}]},{\"@type\":\"WebSite\",\"@id\":\"https:\\\/\\\/safety.cu\\\/#website\",\"url\":\"https:\\\/\\\/safety.cu\\\/\",\"name\":\"Safety Workwear Specialist\",\"description\":\"Workwear Specialist\",\"publisher\":{\"@id\":\"https:\\\/\\\/safety.cu\\\/#organization\"},\"potentialAction\":[{\"@type\":\"SearchAction\",\"target\":{\"@type\":\"EntryPoint\",\"urlTemplate\":\"https:\\\/\\\/safety.cu\\\/?s={search_term_string}\"},\"query-input\":{\"@type\":\"PropertyValueSpecification\",\"valueRequired\":true,\"valueName\":\"search_term_string\"}}],\"inLanguage\":\"es\"},{\"@type\":\"Organization\",\"@id\":\"https:\\\/\\\/safety.cu\\\/#organization\",\"name\":\"Safety Workwear Specialist\",\"url\":\"https:\\\/\\\/safety.cu\\\/\",\"logo\":{\"@type\":\"ImageObject\",\"inLanguage\":\"es\",\"@id\":\"https:\\\/\\\/safety.cu\\\/#\\\/schema\\\/logo\\\/image\\\/\",\"url\":\"https:\\\/\\\/safety.cu\\\/wp-content\\\/uploads\\\/2024\\\/01\\\/Workwear-Supplier-Triumph.png\",\"contentUrl\":\"https:\\\/\\\/safety.cu\\\/wp-content\\\/uploads\\\/2024\\\/01\\\/Workwear-Supplier-Triumph.png\",\"width\":1070,\"height\":416,\"caption\":\"Safety Workwear Specialist\"},\"image\":{\"@id\":\"https:\\\/\\\/safety.cu\\\/#\\\/schema\\\/logo\\\/image\\\/\"}}]}<\/script>\n<!-- \/ Yoast SEO plugin. -->","yoast_head_json":{"title":"Convi\u00e9rtete en revendedor - Safety Workwear Specialist","robots":{"index":"index","follow":"follow","max-snippet":"max-snippet:-1","max-image-preview":"max-image-preview:large","max-video-preview":"max-video-preview:-1"},"canonical":"https:\/\/safety.cu\/es\/conviertete-en-revendedor\/","og_locale":"es_ES","og_type":"article","og_title":"Convi\u00e9rtete en revendedor - Safety Workwear Specialist","og_description":"Convi\u00e9rtase en distribuidor de soluciones de seguridad As\u00f3ciese con Safety Solutions y haga crecer su negocio ofreciendo productos de seguridad de primera calidad en los que conf\u00edan profesionales de todo el mundo. Como revendedor, disfrutar\u00e1 de acceso exclusivo a nuestros productos duraderos, funcionales y elegantes dise\u00f1ados para satisfacer las demandas m\u00e1s dif\u00edciles del lugar de [&hellip;]","og_url":"https:\/\/safety.cu\/es\/conviertete-en-revendedor\/","og_site_name":"Safety Workwear Specialist","article_modified_time":"2025-03-13T07:19:35+00:00","og_image":[{"url":"https:\/\/safety.cu\/wp-content\/uploads\/elementor\/thumbs\/Safety-Solutions-r2ndphhc56t91qejnt2d3nv4sfmu0f0oforw93e2v6.png","type":"","width":"","height":""}],"twitter_card":"summary_large_image","twitter_misc":{"Tiempo de lectura":"1 minuto"},"schema":{"@context":"https:\/\/schema.org","@graph":[{"@type":"WebPage","@id":"https:\/\/safety.cu\/es\/conviertete-en-revendedor\/","url":"https:\/\/safety.cu\/es\/conviertete-en-revendedor\/","name":"Convi\u00e9rtete en revendedor - Safety Workwear Specialist","isPartOf":{"@id":"https:\/\/safety.cu\/#website"},"primaryImageOfPage":{"@id":"https:\/\/safety.cu\/es\/conviertete-en-revendedor\/#primaryimage"},"image":{"@id":"https:\/\/safety.cu\/es\/conviertete-en-revendedor\/#primaryimage"},"thumbnailUrl":"https:\/\/safety.cu\/wp-content\/uploads\/elementor\/thumbs\/Safety-Solutions-r2ndphhc56t91qejnt2d3nv4sfmu0f0oforw93e2v6.png","datePublished":"2025-01-26T21:07:53+00:00","dateModified":"2025-03-13T07:19:35+00:00","breadcrumb":{"@id":"https:\/\/safety.cu\/es\/conviertete-en-revendedor\/#breadcrumb"},"inLanguage":"es","potentialAction":[{"@type":"ReadAction","target":["https:\/\/safety.cu\/es\/conviertete-en-revendedor\/"]}]},{"@type":"ImageObject","inLanguage":"es","@id":"https:\/\/safety.cu\/es\/conviertete-en-revendedor\/#primaryimage","url":"https:\/\/safety.cu\/wp-content\/uploads\/elementor\/thumbs\/Safety-Solutions-r2ndphhc56t91qejnt2d3nv4sfmu0f0oforw93e2v6.png","contentUrl":"https:\/\/safety.cu\/wp-content\/uploads\/elementor\/thumbs\/Safety-Solutions-r2ndphhc56t91qejnt2d3nv4sfmu0f0oforw93e2v6.png"},{"@type":"BreadcrumbList","@id":"https:\/\/safety.cu\/es\/conviertete-en-revendedor\/#breadcrumb","itemListElement":[{"@type":"ListItem","position":1,"name":"Home","item":"https:\/\/safety.cu\/es\/"},{"@type":"ListItem","position":2,"name":"Convi\u00e9rtete en revendedor"}]},{"@type":"WebSite","@id":"https:\/\/safety.cu\/#website","url":"https:\/\/safety.cu\/","name":"Safety Workwear Specialist","description":"Workwear Specialist","publisher":{"@id":"https:\/\/safety.cu\/#organization"},"potentialAction":[{"@type":"SearchAction","target":{"@type":"EntryPoint","urlTemplate":"https:\/\/safety.cu\/?s={search_term_string}"},"query-input":{"@type":"PropertyValueSpecification","valueRequired":true,"valueName":"search_term_string"}}],"inLanguage":"es"},{"@type":"Organization","@id":"https:\/\/safety.cu\/#organization","name":"Safety Workwear Specialist","url":"https:\/\/safety.cu\/","logo":{"@type":"ImageObject","inLanguage":"es","@id":"https:\/\/safety.cu\/#\/schema\/logo\/image\/","url":"https:\/\/safety.cu\/wp-content\/uploads\/2024\/01\/Workwear-Supplier-Triumph.png","contentUrl":"https:\/\/safety.cu\/wp-content\/uploads\/2024\/01\/Workwear-Supplier-Triumph.png","width":1070,"height":416,"caption":"Safety Workwear Specialist"},"image":{"@id":"https:\/\/safety.cu\/#\/schema\/logo\/image\/"}}]}},"_links":{"self":[{"href":"https:\/\/safety.cu\/es\/wp-json\/wp\/v2\/pages\/97849","targetHints":{"allow":["GET"]}}],"collection":[{"href":"https:\/\/safety.cu\/es\/wp-json\/wp\/v2\/pages"}],"about":[{"href":"https:\/\/safety.cu\/es\/wp-json\/wp\/v2\/types\/page"}],"author":[{"embeddable":true,"href":"https:\/\/safety.cu\/es\/wp-json\/wp\/v2\/users\/2"}],"replies":[{"embeddable":true,"href":"https:\/\/safety.cu\/es\/wp-json\/wp\/v2\/comments?post=97849"}],"version-history":[{"count":1,"href":"https:\/\/safety.cu\/es\/wp-json\/wp\/v2\/pages\/97849\/revisions"}],"predecessor-version":[{"id":97850,"href":"https:\/\/safety.cu\/es\/wp-json\/wp\/v2\/pages\/97849\/revisions\/97850"}],"wp:attachment":[{"href":"https:\/\/safety.cu\/es\/wp-json\/wp\/v2\/media?parent=97849"}],"curies":[{"name":"wp","href":"https:\/\/api.w.org\/{rel}","templated":true}]}}