{"id":97899,"date":"2025-01-12T15:21:42","date_gmt":"2025-01-12T15:21:42","guid":{"rendered":"https:\/\/safety.cu\/terminos-y-condiciones\/"},"modified":"2025-03-20T12:37:29","modified_gmt":"2025-03-20T12:37:29","slug":"terminos-y-condiciones","status":"publish","type":"page","link":"https:\/\/safety.cu\/es\/terminos-y-condiciones\/","title":{"rendered":"T\u00e9rminos y condiciones"},"content":{"rendered":"\t\t<div data-elementor-type=\"wp-page\" data-elementor-id=\"97899\" class=\"elementor elementor-97899 elementor-87217\" data-elementor-post-type=\"page\">\n\t\t\t\t<div class=\"elementor-element elementor-element-1f65a29 e-flex e-con-boxed e-con e-parent\" data-id=\"1f65a29\" data-element_type=\"container\" data-e-type=\"container\">\n\t\t\t\t\t<div class=\"e-con-inner\">\n\t\t\t\t<div class=\"elementor-element elementor-element-a98dca0 elementor-widget__width-initial elementor-widget elementor-widget-heading\" data-id=\"a98dca0\" data-element_type=\"widget\" data-e-type=\"widget\" data-widget_type=\"heading.default\">\n\t\t\t\t<div class=\"elementor-widget-container\">\n\t\t\t\t\t<h3 class=\"elementor-heading-title elementor-size-default\">T\u00e9rminos y Condiciones<\/h3>\t\t\t\t<\/div>\n\t\t\t\t<\/div>\n\t\t\t\t<div class=\"elementor-element elementor-element-bfe3621 elementor-widget__width-initial elementor-widget elementor-widget-text-editor\" data-id=\"bfe3621\" data-element_type=\"widget\" data-e-type=\"widget\" data-widget_type=\"text-editor.default\">\n\t\t\t\t<div class=\"elementor-widget-container\">\n\t\t\t\t\t\t\t\t\t<p>Nuestros T\u00e9rminos y Condiciones describen los derechos y responsabilidades de ambas partes en cada transacci\u00f3n. Cubren aspectos importantes como la realizaci\u00f3n de pedidos, las condiciones de pago, la entrega, las devoluciones, las garant\u00edas y la responsabilidad. Al realizar una compra, usted acepta estos t\u00e9rminos, lo que garantiza una relaci\u00f3n transparente y justa. Para obtener informaci\u00f3n detallada, puede descargar nuestras Condiciones Generales de Venta (CGV) y CGCV de Compra desde nuestro sitio web. Estos documentos incluyen cl\u00e1usulas espec\u00edficas adaptadas a nuestros procesos de negocio. Si tiene preguntas o necesita alguna aclaraci\u00f3n, p\u00f3ngase en contacto con nosotros antes de realizar un pedido. Estamos aqu\u00ed para garantizar su satisfacci\u00f3n y cumplimiento.<\/p>\n<p>Descargue a continuaci\u00f3n nuestros t\u00e9rminos y condiciones: <\/p>\n<p><a style=\"margin: 0px; padding: 0px; border: 0px; font: inherit; vertical-align: baseline; outline: 0px; transition: 0.2s;\" href=\"https:\/\/tshav.com\/wp-content\/uploads\/2024\/04\/Triumph-Services-BV-l-General-Terms-and-Conditions-of-Purchase_rev0.pdf\" target=\"_blank\" rel=\"noopener\">Soluciones de seguridad l Condiciones generales de compra_rev0<\/a><\/p>\n<div><a style=\"margin: 0px; padding: 0px; border: 0px; font: inherit; vertical-align: baseline; outline: 0px; transition: 0.2s;\" href=\"https:\/\/tshav.com\/wp-content\/uploads\/2024\/04\/Triumph-Services-BV-l-General-Terms-and-Conditions-of-Purchase_rev0.pdf\" target=\"_blank\" rel=\"noopener\">Soluciones de seguridad<\/a><a style=\"margin: 0px; padding: 0px; border: 0px; font: inherit; vertical-align: baseline; outline: 0px; transition: 0.2s;\" href=\"https:\/\/tshav.com\/wp-content\/uploads\/2024\/04\/Triumph-Services-BV-l-General-Terms-and-Conditions-of-Sales-and-Delivery_rev0.pdf\" target=\"_blank\" rel=\"noopener\"> l Condiciones generales de venta y entrega_rev0<\/a><\/div>\n<div> <\/div>\n\t\t\t\t\t\t\t\t<\/div>\n\t\t\t\t<\/div>\n\t\t\t\t\t<\/div>\n\t\t\t\t<\/div>\n\t\t\t\t<\/div>\n\t\t","protected":false},"excerpt":{"rendered":"<p>T\u00e9rminos y Condiciones Nuestros T\u00e9rminos y Condiciones describen los derechos y responsabilidades de ambas partes en cada transacci\u00f3n. Cubren aspectos importantes como la realizaci\u00f3n de pedidos, las condiciones de pago, la entrega, las devoluciones, las garant\u00edas y la responsabilidad. Al realizar una compra, usted acepta estos t\u00e9rminos, lo que garantiza una relaci\u00f3n transparente y justa. [&hellip;]<\/p>\n","protected":false},"author":2,"featured_media":0,"parent":0,"menu_order":0,"comment_status":"closed","ping_status":"closed","template":"template-homepage.php","meta":{"footnotes":""},"class_list":["post-97899","page","type-page","status-publish","hentry"],"yoast_head":"<!-- This site is optimized with the Yoast SEO plugin v27.4 - https:\/\/yoast.com\/product\/yoast-seo-wordpress\/ -->\n<title>T\u00e9rminos y condiciones - Safety Workwear Specialist<\/title>\n<meta name=\"robots\" content=\"index, follow, max-snippet:-1, max-image-preview:large, max-video-preview:-1\" \/>\n<link rel=\"canonical\" href=\"https:\/\/safety.cu\/es\/terminos-y-condiciones\/\" \/>\n<meta property=\"og:locale\" content=\"es_ES\" \/>\n<meta property=\"og:type\" content=\"article\" \/>\n<meta property=\"og:title\" content=\"T\u00e9rminos y condiciones - Safety Workwear Specialist\" \/>\n<meta property=\"og:description\" content=\"T\u00e9rminos y Condiciones Nuestros T\u00e9rminos y Condiciones describen los derechos y responsabilidades de ambas partes en cada transacci\u00f3n. Cubren aspectos importantes como la realizaci\u00f3n de pedidos, las condiciones de pago, la entrega, las devoluciones, las garant\u00edas y la responsabilidad. Al realizar una compra, usted acepta estos t\u00e9rminos, lo que garantiza una relaci\u00f3n transparente y justa. [&hellip;]\" \/>\n<meta property=\"og:url\" content=\"https:\/\/safety.cu\/es\/terminos-y-condiciones\/\" \/>\n<meta property=\"og:site_name\" content=\"Safety Workwear Specialist\" \/>\n<meta property=\"article:modified_time\" content=\"2025-03-20T12:37:29+00:00\" \/>\n<meta name=\"twitter:card\" content=\"summary_large_image\" \/>\n<meta name=\"twitter:label1\" content=\"Tiempo de lectura\" \/>\n\t<meta name=\"twitter:data1\" content=\"1 minuto\" \/>\n<script type=\"application\/ld+json\" class=\"yoast-schema-graph\">{\"@context\":\"https:\\\/\\\/schema.org\",\"@graph\":[{\"@type\":\"WebPage\",\"@id\":\"https:\\\/\\\/safety.cu\\\/es\\\/terminos-y-condiciones\\\/\",\"url\":\"https:\\\/\\\/safety.cu\\\/es\\\/terminos-y-condiciones\\\/\",\"name\":\"T\u00e9rminos y condiciones - Safety Workwear Specialist\",\"isPartOf\":{\"@id\":\"https:\\\/\\\/safety.cu\\\/#website\"},\"datePublished\":\"2025-01-12T15:21:42+00:00\",\"dateModified\":\"2025-03-20T12:37:29+00:00\",\"breadcrumb\":{\"@id\":\"https:\\\/\\\/safety.cu\\\/es\\\/terminos-y-condiciones\\\/#breadcrumb\"},\"inLanguage\":\"es\",\"potentialAction\":[{\"@type\":\"ReadAction\",\"target\":[\"https:\\\/\\\/safety.cu\\\/es\\\/terminos-y-condiciones\\\/\"]}]},{\"@type\":\"BreadcrumbList\",\"@id\":\"https:\\\/\\\/safety.cu\\\/es\\\/terminos-y-condiciones\\\/#breadcrumb\",\"itemListElement\":[{\"@type\":\"ListItem\",\"position\":1,\"name\":\"Home\",\"item\":\"https:\\\/\\\/safety.cu\\\/es\\\/\"},{\"@type\":\"ListItem\",\"position\":2,\"name\":\"T\u00e9rminos y condiciones\"}]},{\"@type\":\"WebSite\",\"@id\":\"https:\\\/\\\/safety.cu\\\/#website\",\"url\":\"https:\\\/\\\/safety.cu\\\/\",\"name\":\"Safety Workwear Specialist\",\"description\":\"Workwear Specialist\",\"publisher\":{\"@id\":\"https:\\\/\\\/safety.cu\\\/#organization\"},\"potentialAction\":[{\"@type\":\"SearchAction\",\"target\":{\"@type\":\"EntryPoint\",\"urlTemplate\":\"https:\\\/\\\/safety.cu\\\/?s={search_term_string}\"},\"query-input\":{\"@type\":\"PropertyValueSpecification\",\"valueRequired\":true,\"valueName\":\"search_term_string\"}}],\"inLanguage\":\"es\"},{\"@type\":\"Organization\",\"@id\":\"https:\\\/\\\/safety.cu\\\/#organization\",\"name\":\"Safety Workwear Specialist\",\"url\":\"https:\\\/\\\/safety.cu\\\/\",\"logo\":{\"@type\":\"ImageObject\",\"inLanguage\":\"es\",\"@id\":\"https:\\\/\\\/safety.cu\\\/#\\\/schema\\\/logo\\\/image\\\/\",\"url\":\"https:\\\/\\\/safety.cu\\\/wp-content\\\/uploads\\\/2024\\\/01\\\/Workwear-Supplier-Triumph.png\",\"contentUrl\":\"https:\\\/\\\/safety.cu\\\/wp-content\\\/uploads\\\/2024\\\/01\\\/Workwear-Supplier-Triumph.png\",\"width\":1070,\"height\":416,\"caption\":\"Safety Workwear Specialist\"},\"image\":{\"@id\":\"https:\\\/\\\/safety.cu\\\/#\\\/schema\\\/logo\\\/image\\\/\"}}]}<\/script>\n<!-- \/ Yoast SEO plugin. -->","yoast_head_json":{"title":"T\u00e9rminos y condiciones - Safety Workwear Specialist","robots":{"index":"index","follow":"follow","max-snippet":"max-snippet:-1","max-image-preview":"max-image-preview:large","max-video-preview":"max-video-preview:-1"},"canonical":"https:\/\/safety.cu\/es\/terminos-y-condiciones\/","og_locale":"es_ES","og_type":"article","og_title":"T\u00e9rminos y condiciones - Safety Workwear Specialist","og_description":"T\u00e9rminos y Condiciones Nuestros T\u00e9rminos y Condiciones describen los derechos y responsabilidades de ambas partes en cada transacci\u00f3n. Cubren aspectos importantes como la realizaci\u00f3n de pedidos, las condiciones de pago, la entrega, las devoluciones, las garant\u00edas y la responsabilidad. Al realizar una compra, usted acepta estos t\u00e9rminos, lo que garantiza una relaci\u00f3n transparente y justa. [&hellip;]","og_url":"https:\/\/safety.cu\/es\/terminos-y-condiciones\/","og_site_name":"Safety Workwear Specialist","article_modified_time":"2025-03-20T12:37:29+00:00","twitter_card":"summary_large_image","twitter_misc":{"Tiempo de lectura":"1 minuto"},"schema":{"@context":"https:\/\/schema.org","@graph":[{"@type":"WebPage","@id":"https:\/\/safety.cu\/es\/terminos-y-condiciones\/","url":"https:\/\/safety.cu\/es\/terminos-y-condiciones\/","name":"T\u00e9rminos y condiciones - Safety Workwear Specialist","isPartOf":{"@id":"https:\/\/safety.cu\/#website"},"datePublished":"2025-01-12T15:21:42+00:00","dateModified":"2025-03-20T12:37:29+00:00","breadcrumb":{"@id":"https:\/\/safety.cu\/es\/terminos-y-condiciones\/#breadcrumb"},"inLanguage":"es","potentialAction":[{"@type":"ReadAction","target":["https:\/\/safety.cu\/es\/terminos-y-condiciones\/"]}]},{"@type":"BreadcrumbList","@id":"https:\/\/safety.cu\/es\/terminos-y-condiciones\/#breadcrumb","itemListElement":[{"@type":"ListItem","position":1,"name":"Home","item":"https:\/\/safety.cu\/es\/"},{"@type":"ListItem","position":2,"name":"T\u00e9rminos y condiciones"}]},{"@type":"WebSite","@id":"https:\/\/safety.cu\/#website","url":"https:\/\/safety.cu\/","name":"Safety Workwear Specialist","description":"Workwear Specialist","publisher":{"@id":"https:\/\/safety.cu\/#organization"},"potentialAction":[{"@type":"SearchAction","target":{"@type":"EntryPoint","urlTemplate":"https:\/\/safety.cu\/?s={search_term_string}"},"query-input":{"@type":"PropertyValueSpecification","valueRequired":true,"valueName":"search_term_string"}}],"inLanguage":"es"},{"@type":"Organization","@id":"https:\/\/safety.cu\/#organization","name":"Safety Workwear Specialist","url":"https:\/\/safety.cu\/","logo":{"@type":"ImageObject","inLanguage":"es","@id":"https:\/\/safety.cu\/#\/schema\/logo\/image\/","url":"https:\/\/safety.cu\/wp-content\/uploads\/2024\/01\/Workwear-Supplier-Triumph.png","contentUrl":"https:\/\/safety.cu\/wp-content\/uploads\/2024\/01\/Workwear-Supplier-Triumph.png","width":1070,"height":416,"caption":"Safety Workwear Specialist"},"image":{"@id":"https:\/\/safety.cu\/#\/schema\/logo\/image\/"}}]}},"_links":{"self":[{"href":"https:\/\/safety.cu\/es\/wp-json\/wp\/v2\/pages\/97899","targetHints":{"allow":["GET"]}}],"collection":[{"href":"https:\/\/safety.cu\/es\/wp-json\/wp\/v2\/pages"}],"about":[{"href":"https:\/\/safety.cu\/es\/wp-json\/wp\/v2\/types\/page"}],"author":[{"embeddable":true,"href":"https:\/\/safety.cu\/es\/wp-json\/wp\/v2\/users\/2"}],"replies":[{"embeddable":true,"href":"https:\/\/safety.cu\/es\/wp-json\/wp\/v2\/comments?post=97899"}],"version-history":[{"count":1,"href":"https:\/\/safety.cu\/es\/wp-json\/wp\/v2\/pages\/97899\/revisions"}],"predecessor-version":[{"id":97900,"href":"https:\/\/safety.cu\/es\/wp-json\/wp\/v2\/pages\/97899\/revisions\/97900"}],"wp:attachment":[{"href":"https:\/\/safety.cu\/es\/wp-json\/wp\/v2\/media?parent=97899"}],"curies":[{"name":"wp","href":"https:\/\/api.w.org\/{rel}","templated":true}]}}